{"id":15,"date":"2024-12-02T10:15:16","date_gmt":"2024-12-02T10:15:16","guid":{"rendered":"https:\/\/rt-green-energy.de\/?page_id=15"},"modified":"2024-12-02T10:23:35","modified_gmt":"2024-12-02T10:23:35","slug":"mainpage","status":"publish","type":"page","link":"https:\/\/rt-green-energy.de\/","title":{"rendered":"Mainpage"},"content":{"rendered":"\n<h1 class=\"wp-block-heading has-text-align-center\"><strong>Rohrberg &amp; Theile &#8211; Green Energy Investments<\/strong><\/h1>\n\n\n\n<figure class=\"wp-block-image size-large is-resized\"><img fetchpriority=\"high\" decoding=\"async\" width=\"1024\" height=\"683\" src=\"https:\/\/rt-green-energy.de\/wp-content\/uploads\/2024\/12\/AdobeStock_919221821-1024x683.jpeg\" alt=\"\" class=\"wp-image-9\" style=\"width:1200px;height:auto\" srcset=\"https:\/\/rt-green-energy.de\/wp-content\/uploads\/2024\/12\/AdobeStock_919221821-1024x683.jpeg 1024w, https:\/\/rt-green-energy.de\/wp-content\/uploads\/2024\/12\/AdobeStock_919221821-300x200.jpeg 300w, https:\/\/rt-green-energy.de\/wp-content\/uploads\/2024\/12\/AdobeStock_919221821-768x512.jpeg 768w, https:\/\/rt-green-energy.de\/wp-content\/uploads\/2024\/12\/AdobeStock_919221821-1536x1024.jpeg 1536w, https:\/\/rt-green-energy.de\/wp-content\/uploads\/2024\/12\/AdobeStock_919221821-2048x1365.jpeg 2048w\" sizes=\"(max-width: 1024px) 100vw, 1024px\" \/><\/figure>\n\n\n\n<p>Hier entsteht in K\u00fcrze die Internetpr\u00e4sens der Rohrberg &amp; Theile &#8211; Green Energy Investment GbR. Ein Unternehmen, dass f\u00fcr professionelles Investment in erneuerbare Energien steht und ein Partner f\u00fcr Nachhaltigkeit ist.<\/p>\n\n\n\n<p class=\"has-text-align-center\"><a href=\"https:\/\/rt-green-energy.de\/index.php\/impressum\/\" data-type=\"page\" data-id=\"17\">Impressum<\/a><\/p>\n\n\n\n<p><\/p>\n","protected":false},"excerpt":{"rendered":"<p>Rohrberg &amp; Theile &#8211; Green Energy Investments Hier entsteht in K\u00fcrze die Internetpr\u00e4sens der Rohrberg &amp; Theile &#8211; Green Energy [&hellip;]<\/p>\n","protected":false},"author":1,"featured_media":0,"parent":0,"menu_order":0,"comment_status":"closed","ping_status":"closed","template":"","meta":{"site-sidebar-layout":"default","site-content-layout":"","ast-site-content-layout":"","site-content-style":"default","site-sidebar-style":"default","ast-global-header-display":"","ast-banner-title-visibility":"","ast-main-header-display":"","ast-hfb-above-header-display":"","ast-hfb-below-header-display":"","ast-hfb-mobile-header-display":"","site-post-title":"disabled","ast-breadcrumbs-content":"","ast-featured-img":"","footer-sml-layout":"","theme-transparent-header-meta":"","adv-header-id-meta":"","stick-header-meta":"","header-above-stick-meta":"","header-main-stick-meta":"","header-below-stick-meta":"","astra-migrate-meta-layouts":"default","ast-page-background-enabled":"default","ast-page-background-meta":{"desktop":{"background-color":"var(--ast-global-color-4)","background-image":"","background-repeat":"repeat","background-position":"center center","background-size":"auto","background-attachment":"scroll","background-type":"","background-media":"","overlay-type":"","overlay-color":"","overlay-opacity":"","overlay-gradient":""},"tablet":{"background-color":"","background-image":"","background-repeat":"repeat","background-position":"center center","background-size":"auto","background-attachment":"scroll","background-type":"","background-media":"","overlay-type":"","overlay-color":"","overlay-opacity":"","overlay-gradient":""},"mobile":{"background-color":"","background-image":"","background-repeat":"repeat","background-position":"center center","background-size":"auto","background-attachment":"scroll","background-type":"","background-media":"","overlay-type":"","overlay-color":"","overlay-opacity":"","overlay-gradient":""}},"ast-content-background-meta":{"desktop":{"background-color":"var(--ast-global-color-5)","background-image":"","background-repeat":"repeat","background-position":"center center","background-size":"auto","background-attachment":"scroll","background-type":"","background-media":"","overlay-type":"","overlay-color":"","overlay-opacity":"","overlay-gradient":""},"tablet":{"background-color":"var(--ast-global-color-5)","background-image":"","background-repeat":"repeat","background-position":"center center","background-size":"auto","background-attachment":"scroll","background-type":"","background-media":"","overlay-type":"","overlay-color":"","overlay-opacity":"","overlay-gradient":""},"mobile":{"background-color":"var(--ast-global-color-5)","background-image":"","background-repeat":"repeat","background-position":"center center","background-size":"auto","background-attachment":"scroll","background-type":"","background-media":"","overlay-type":"","overlay-color":"","overlay-opacity":"","overlay-gradient":""}},"footnotes":""},"class_list":["post-15","page","type-page","status-publish","hentry"],"_links":{"self":[{"href":"https:\/\/rt-green-energy.de\/index.php\/wp-json\/wp\/v2\/pages\/15","targetHints":{"allow":["GET"]}}],"collection":[{"href":"https:\/\/rt-green-energy.de\/index.php\/wp-json\/wp\/v2\/pages"}],"about":[{"href":"https:\/\/rt-green-energy.de\/index.php\/wp-json\/wp\/v2\/types\/page"}],"author":[{"embeddable":true,"href":"https:\/\/rt-green-energy.de\/index.php\/wp-json\/wp\/v2\/users\/1"}],"replies":[{"embeddable":true,"href":"https:\/\/rt-green-energy.de\/index.php\/wp-json\/wp\/v2\/comments?post=15"}],"version-history":[{"count":2,"href":"https:\/\/rt-green-energy.de\/index.php\/wp-json\/wp\/v2\/pages\/15\/revisions"}],"predecessor-version":[{"id":19,"href":"https:\/\/rt-green-energy.de\/index.php\/wp-json\/wp\/v2\/pages\/15\/revisions\/19"}],"wp:attachment":[{"href":"https:\/\/rt-green-energy.de\/index.php\/wp-json\/wp\/v2\/media?parent=15"}],"curies":[{"name":"wp","href":"https:\/\/api.w.org\/{rel}","templated":true}]}}